{"id":5751,"date":"2024-02-23T18:34:23","date_gmt":"2024-02-23T18:34:23","guid":{"rendered":"https:\/\/lotusbau.com\/?page_id=5751"},"modified":"2024-02-28T16:25:00","modified_gmt":"2024-02-28T16:25:00","slug":"soyunma-kabinetleri","status":"publish","type":"page","link":"https:\/\/lotusbau.com\/index.php\/soyunma-kabinetleri\/","title":{"rendered":"Soyunma Kabinetleri"},"content":{"rendered":"<p>[vc_row][vc_column]<div id=\"ut_si_69f621be0da3b\" class=\"ut-skewed-image-border \"><div class=\"ut-skewed-image-border-slice\"><img class=\"ut-lazy\" src=\"data:image\/svg+xml;charset=utf-8,%3Csvg xmlns%3D'http%3A%2F%2Fwww.w3.org%2F2000%2Fsvg' viewBox%3D'0 0 800 600'%2F%3E\" data-src=\"https:\/\/lotusbau.com\/wp-content\/uploads\/2024\/02\/image-dressing-fitting-room-modern-shopping-mall.jpg\"><\/div><div class=\"ut-skewed-image-border-slice\"><img class=\"ut-lazy\" src=\"data:image\/svg+xml;charset=utf-8,%3Csvg xmlns%3D'http%3A%2F%2Fwww.w3.org%2F2000%2Fsvg' viewBox%3D'0 0 800 600'%2F%3E\" data-src=\"https:\/\/lotusbau.com\/wp-content\/uploads\/2024\/02\/interior-blue-locker-changing-room.jpg\"><\/div><div class=\"ut-skewed-image-border-slice\"><img class=\"ut-lazy\" src=\"data:image\/svg+xml;charset=utf-8,%3Csvg xmlns%3D'http%3A%2F%2Fwww.w3.org%2F2000%2Fsvg' viewBox%3D'0 0 800 600'%2F%3E\" data-src=\"https:\/\/lotusbau.com\/wp-content\/uploads\/2024\/02\/low-angle-view-building.jpg\"><\/div><div class=\"ut-skewed-image-border-slice\"><img class=\"ut-lazy\" src=\"data:image\/svg+xml;charset=utf-8,%3Csvg xmlns%3D'http%3A%2F%2Fwww.w3.org%2F2000%2Fsvg' viewBox%3D'0 0 800 600'%2F%3E\" data-src=\"https:\/\/lotusbau.com\/wp-content\/uploads\/2024\/02\/corridor-building.jpg\"><\/div><div class=\"ut-skewed-image-border-slice\"><img class=\"ut-lazy\" src=\"data:image\/svg+xml;charset=utf-8,%3Csvg xmlns%3D'http%3A%2F%2Fwww.w3.org%2F2000%2Fsvg' viewBox%3D'0 0 800 600'%2F%3E\" data-src=\"https:\/\/lotusbau.com\/wp-content\/uploads\/2024\/02\/interior-details-finnish-sauna-steam-room-with-traditional-sauna-accessories.jpg\"><\/div><div class=\"ut-skewed-image-border-slice\"><img class=\"ut-lazy\" src=\"data:image\/svg+xml;charset=utf-8,%3Csvg xmlns%3D'http%3A%2F%2Fwww.w3.org%2F2000%2Fsvg' viewBox%3D'0 0 800 600'%2F%3E\" data-src=\"https:\/\/lotusbau.com\/wp-content\/uploads\/2024\/02\/interior-house.jpg\"><\/div><\/div>[\/vc_column][\/vc_row][vc_row][vc_column][vc_column_text]<\/p>\n<p style=\"text-align: justify;\"><strong>Konfor ve D\u00fczenin Anahtar\u0131: Soyunma Kabinetleri <\/strong><\/p>\n<p style=\"text-align: justify;\">G\u00fcnl\u00fck ya\u015famda konfor ve d\u00fczen aray\u0131\u015f\u0131nda olanlar i\u00e7in tasarlanm\u0131\u015f soyunma kabinetleri, i\u015flevselli\u011fi ve esteti\u011fi bir araya getiriyor. Soyad\u0131 Kabinetleri \u00dcretimi, Montaj\u0131 ve Sat\u0131\u015f\u0131 olarak, sizlere en kaliteli ve \u015f\u0131k soyunma kabinetleri \u00e7\u00f6z\u00fcmlerini sunuyoruz.<\/p>\n<p style=\"text-align: justify;\"><strong>\u00d6zelle\u015ftirilmi\u015f Tasar\u0131m <\/strong><\/p>\n<p style=\"text-align: justify;\">Her mek\u00e2na uygun \u00e7\u00f6z\u00fcmler sunan soyunma kabinetlerimiz, \u00f6zelle\u015ftirilebilir tasar\u0131m se\u00e7enekleri ile ki\u015fisel zevklerinizi yans\u0131t\u0131r. \u0130htiya\u00e7lar\u0131n\u0131za ve mekan\u0131n\u0131za uygun \u00f6l\u00e7\u00fclerde, renklerde ve malzemelerde soyunma kabinetleri tasarl\u0131yoruz. Her detay\u0131 sizinle birlikte planl\u0131yoruz.<\/p>\n<div id=\"attachment_5833\" style=\"width: 660px\" class=\"wp-caption alignleft\"><img aria-describedby=\"caption-attachment-5833\" decoding=\"async\" loading=\"lazy\" class=\"size-medium wp-image-5833\" src=\"https:\/\/lotusbau.com\/wp-content\/uploads\/2024\/02\/image-dressing-fitting-room-modern-shopping-mall-650x433.jpg\" alt=\"\" width=\"650\" height=\"433\" srcset=\"https:\/\/lotusbau.com\/wp-content\/uploads\/2024\/02\/image-dressing-fitting-room-modern-shopping-mall-650x433.jpg 650w, https:\/\/lotusbau.com\/wp-content\/uploads\/2024\/02\/image-dressing-fitting-room-modern-shopping-mall-1300x867.jpg 1300w, https:\/\/lotusbau.com\/wp-content\/uploads\/2024\/02\/image-dressing-fitting-room-modern-shopping-mall-325x217.jpg 325w\" sizes=\"(max-width: 650px) 100vw, 650px\" \/><p id=\"caption-attachment-5833\" class=\"wp-caption-text\"><strong style=\"text-align: justify; font-size: 16px;\">Dayan\u0131kl\u0131 Malzeme ve Kaliteli \u0130\u015f\u00e7ilik<\/strong><\/p><\/div>\n<p style=\"text-align: justify;\">\u00dcretimde kulland\u0131\u011f\u0131m\u0131z malzemeler, y\u00fcksek kalitede ve dayan\u0131kl\u0131l\u0131kta se\u00e7ilir. Metal g\u00f6vde, ah\u015fap kap\u0131lar veya PVC malzeme gibi \u00e7e\u015fitli se\u00e7eneklerle, uzun \u00f6m\u00fcrl\u00fc ve sa\u011flam soyunma kabinetleri \u00fcretiyoruz. Kaliteli i\u015f\u00e7ilik ve detayl\u0131 montaj ile her bir kabin, g\u00fcvenilir bir kullan\u0131m sunar.<\/p>\n<p style=\"text-align: justify;\"><strong>Estetik ve Fonksiyonellik<\/strong><\/p>\n<p style=\"text-align: justify;\">Bir Arada Soyunma kabinetlerimiz, estetik g\u00f6r\u00fcn\u00fcm\u00fcyle dikkat \u00e7ekerken, pratik ve fonksiyonel kullan\u0131m sunar. \u0130\u00e7 b\u00f6lmeler, ask\u0131lar, raflar ve \u00e7ekmeceler gibi detaylarla d\u00fczenli bir saklama alan\u0131 olu\u015fturulur. B\u00f6ylece, e\u015fyalar\u0131n\u0131z\u0131 d\u00fczenli tutarken, kullan\u0131m kolayl\u0131\u011f\u0131 sa\u011flan\u0131r.<\/p>\n<p style=\"text-align: justify;\"><strong>Profesyonel Montaj ve Destek <\/strong><\/p>\n<p style=\"text-align: justify;\">Soyunma kabinetlerimizin montaj\u0131, deneyimli ve uzman ekiplerimiz taraf\u0131ndan titizlikle ger\u00e7ekle\u015ftirilir. Profesyonel hizmetimiz, m\u00fc\u015fteri memnuniyetini \u00f6n planda tutar ve her ad\u0131mda size destek olur. Montaj s\u00fcrecinde en ince detaylara dikkat edilir ve kaliteli bir sonu\u00e7 sunulur.<\/p>\n<p style=\"text-align: justify;\"><strong>M\u00fc\u015fteri Memnuniyeti Garantisi <\/strong><\/p>\n<p style=\"text-align: justify;\">M\u00fc\u015fteri memnuniyeti bizim i\u00e7in en \u00f6nemli \u00f6nceliktir. \u00dcr\u00fcnlerimizde ve hizmetlerimizde en y\u00fcksek kaliteyi sa\u011flamak i\u00e7in s\u00fcrekli \u00e7aba g\u00f6steriyoruz. Her m\u00fc\u015fterimizin beklentilerini kar\u015f\u0131lamak ve a\u015fmak i\u00e7in \u00e7al\u0131\u015f\u0131yoruz.<\/p>\n<p style=\"text-align: justify;\">Soyunma Kabinetleri \u00dcretimi, Montaj\u0131 ve Sat\u0131\u015f\u0131 olarak, size konforlu, d\u00fczenli ve estetik bir ya\u015fam alan\u0131 sunuyoruz. Fonksiyonellik ve esteti\u011fi bir arada bulu\u015fturan soyunma kabinetlerimizle, g\u00fcnl\u00fck ya\u015fam\u0131n\u0131z\u0131 daha keyifli hale getirin!<\/p>\n<p>[\/vc_column_text][\/vc_column][\/vc_row]<\/p>\n","protected":false},"excerpt":{"rendered":"<p>[vc_row][vc_column][\/vc_column][\/vc_row][vc_row][vc_column][vc_column_text] Konfor ve D\u00fczenin Anahtar\u0131: Soyunma Kabinetleri G\u00fcnl\u00fck ya\u015famda konfor ve d\u00fczen aray\u0131\u015f\u0131nda olanlar i\u00e7in tasarlanm\u0131\u015f soyunma kabinetleri, i\u015flevselli\u011fi ve esteti\u011fi bir araya getiriyor. Soyad\u0131 Kabinetleri \u00dcretimi, Montaj\u0131 ve Sat\u0131\u015f\u0131 olarak, sizlere en kaliteli ve \u015f\u0131k soyunma kabinetleri \u00e7\u00f6z\u00fcmlerini sunuyoruz. \u00d6zelle\u015ftirilmi\u015f Tasar\u0131m Her mek\u00e2na uygun \u00e7\u00f6z\u00fcmler sunan soyunma kabinetlerimiz, \u00f6zelle\u015ftirilebilir tasar\u0131m se\u00e7enekleri ile ki\u015fisel zevklerinizi [&hellip;]<\/p>\n","protected":false},"author":1,"featured_media":0,"parent":0,"menu_order":0,"comment_status":"closed","ping_status":"closed","template":"","meta":[],"_links":{"self":[{"href":"https:\/\/lotusbau.com\/index.php\/wp-json\/wp\/v2\/pages\/5751"}],"collection":[{"href":"https:\/\/lotusbau.com\/index.php\/wp-json\/wp\/v2\/pages"}],"about":[{"href":"https:\/\/lotusbau.com\/index.php\/wp-json\/wp\/v2\/types\/page"}],"author":[{"embeddable":true,"href":"https:\/\/lotusbau.com\/index.php\/wp-json\/wp\/v2\/users\/1"}],"replies":[{"embeddable":true,"href":"https:\/\/lotusbau.com\/index.php\/wp-json\/wp\/v2\/comments?post=5751"}],"version-history":[{"count":2,"href":"https:\/\/lotusbau.com\/index.php\/wp-json\/wp\/v2\/pages\/5751\/revisions"}],"predecessor-version":[{"id":5839,"href":"https:\/\/lotusbau.com\/index.php\/wp-json\/wp\/v2\/pages\/5751\/revisions\/5839"}],"wp:attachment":[{"href":"https:\/\/lotusbau.com\/index.php\/wp-json\/wp\/v2\/media?parent=5751"}],"curies":[{"name":"wp","href":"https:\/\/api.w.org\/{rel}","templated":true}]}}