{"id":5745,"date":"2024-02-23T18:34:23","date_gmt":"2024-02-23T18:34:23","guid":{"rendered":"https:\/\/lotusbau.com\/?page_id=5745"},"modified":"2024-05-17T12:15:43","modified_gmt":"2024-05-17T12:15:43","slug":"konteyner-ev","status":"publish","type":"page","link":"https:\/\/lotusbau.com\/index.php\/konteyner-ev\/","title":{"rendered":"Konteyner Ev"},"content":{"rendered":"<p>[vc_row][vc_column]<div id=\"ut_si_6a01a1ef4b94f\" class=\"ut-skewed-image-border \"><div class=\"ut-skewed-image-border-slice\"><img class=\"ut-lazy\" src=\"data:image\/svg+xml;charset=utf-8,%3Csvg xmlns%3D'http%3A%2F%2Fwww.w3.org%2F2000%2Fsvg' viewBox%3D'0 0 800 600'%2F%3E\" data-src=\"https:\/\/lotusbau.com\/wp-content\/uploads\/2024\/02\/beautiful-appearance-new-house-with-open-veranda-green-grass-bright-sunny-day-with.jpg\"><\/div><div class=\"ut-skewed-image-border-slice\"><img class=\"ut-lazy\" src=\"data:image\/svg+xml;charset=utf-8,%3Csvg xmlns%3D'http%3A%2F%2Fwww.w3.org%2F2000%2Fsvg' viewBox%3D'0 0 800 600'%2F%3E\" data-src=\"https:\/\/lotusbau.com\/wp-content\/uploads\/2024\/02\/rendering-shipping-container-called-container-house.jpg\"><\/div><div class=\"ut-skewed-image-border-slice\"><img class=\"ut-lazy\" src=\"data:image\/svg+xml;charset=utf-8,%3Csvg xmlns%3D'http%3A%2F%2Fwww.w3.org%2F2000%2Fsvg' viewBox%3D'0 0 800 600'%2F%3E\" data-src=\"https:\/\/lotusbau.com\/wp-content\/uploads\/2024\/02\/3d-rendering-container-shop-design.jpg\"><\/div><div class=\"ut-skewed-image-border-slice\"><img class=\"ut-lazy\" src=\"data:image\/svg+xml;charset=utf-8,%3Csvg xmlns%3D'http%3A%2F%2Fwww.w3.org%2F2000%2Fsvg' viewBox%3D'0 0 800 600'%2F%3E\" data-src=\"https:\/\/lotusbau.com\/wp-content\/uploads\/2024\/02\/cafe-restaurant-shipping-container-realistic-generative-ai-with-mountain-backdrop-1.jpg\"><\/div><div class=\"ut-skewed-image-border-slice\"><img class=\"ut-lazy\" src=\"data:image\/svg+xml;charset=utf-8,%3Csvg xmlns%3D'http%3A%2F%2Fwww.w3.org%2F2000%2Fsvg' viewBox%3D'0 0 800 600'%2F%3E\" data-src=\"https:\/\/lotusbau.com\/wp-content\/uploads\/2024\/02\/grid-shipping-container-home-generative-ai.jpg\"><\/div><\/div>[\/vc_column][\/vc_row][vc_row][vc_column][vc_column_text]<\/p>\n<p style=\"text-align: justify;\"><strong>Yenilik\u00e7i Ya\u015fam Alanlar\u0131: Konteyner Evler <\/strong><\/p>\n<p style=\"text-align: justify;\">Modern ya\u015fam\u0131n ihtiya\u00e7lar\u0131na uygun, pratik ve \u015f\u0131k \u00e7\u00f6z\u00fcmler arayanlar i\u00e7in konteyner evler ideal bir se\u00e7enektir. Konteyner Ev \u00dcretimi, Montaj\u0131 ve Sat\u0131\u015f\u0131 olarak, sizlere \u00f6zg\u00fcn ve konforlu ya\u015fam alanlar\u0131 sunuyoruz.<\/p>\n<p style=\"text-align: justify;\"><strong>Estetik ve Fonksiyonellik Bir Arada <\/strong><\/p>\n<p style=\"text-align: justify;\">Konteyner evlerimiz, estetik tasar\u0131mlar\u0131yla g\u00f6z doldururken, ayn\u0131 zamanda fonksiyonellikleriyle de dikkat \u00e7eker. Her bir konteyner ev, en y\u00fcksek kalitede malzemelerle \u00fcretilir ve modern ya\u015fam\u0131n gereksinimlerine uygun olarak tasarlan\u0131r. Sizlere, \u015f\u0131kl\u0131\u011f\u0131 ve i\u015flevselli\u011fi bir arada sunuyoruz.<\/p>\n<p style=\"text-align: justify;\"><strong>H\u0131zl\u0131 ve Ekonomik \u00c7\u00f6z\u00fcm <\/strong><\/p>\n<p style=\"text-align: justify;\">Konteyner evler, h\u0131zl\u0131 kurulum s\u00fcreleri ve ekonomik maliyetleriyle \u00f6n plana \u00e7\u0131kar. Geleneksel in\u015faat y\u00f6ntemlerine g\u00f6re \u00e7ok daha h\u0131zl\u0131 bir \u015fekilde monte edilebilirler ve uygun maliyetleri ile b\u00fct\u00e7enizi zorlamazlar. Hem zamandan hem de paradan tasarruf etmenin en etkili yollar\u0131ndan biridir.<\/p>\n<div id=\"attachment_5785\" style=\"width: 660px\" class=\"wp-caption alignleft\"><img aria-describedby=\"caption-attachment-5785\" decoding=\"async\" loading=\"lazy\" class=\"size-medium wp-image-5785\" src=\"https:\/\/lotusbau.com\/wp-content\/uploads\/2024\/02\/cafe-restaurant-shipping-container-realistic-generative-ai-with-mountain-backdrop-1-650x433.jpg\" alt=\"\" width=\"650\" height=\"433\" srcset=\"https:\/\/lotusbau.com\/wp-content\/uploads\/2024\/02\/cafe-restaurant-shipping-container-realistic-generative-ai-with-mountain-backdrop-1-650x433.jpg 650w, https:\/\/lotusbau.com\/wp-content\/uploads\/2024\/02\/cafe-restaurant-shipping-container-realistic-generative-ai-with-mountain-backdrop-1-1300x867.jpg 1300w, https:\/\/lotusbau.com\/wp-content\/uploads\/2024\/02\/cafe-restaurant-shipping-container-realistic-generative-ai-with-mountain-backdrop-1-325x217.jpg 325w\" sizes=\"(max-width: 650px) 100vw, 650px\" \/><p id=\"caption-attachment-5785\" class=\"wp-caption-text\"><strong style=\"text-align: justify; font-size: 16px;\">\u00c7evre Dostu ve Geri D\u00f6n\u00fc\u015f\u00fcme Katk\u0131<\/strong><\/p><\/div>\n<p style=\"text-align: justify;\">Konteyner evler, geri d\u00f6n\u00fc\u015ft\u00fcr\u00fclm\u00fc\u015f konteynerlerden yap\u0131ld\u0131\u011f\u0131 i\u00e7in \u00e7evre dostudur. Geri d\u00f6n\u00fc\u015f\u00fcme katk\u0131 sa\u011flaman\u0131n yan\u0131 s\u0131ra, enerji ve kaynak tasarrufu yapmay\u0131 hedeflerler. S\u00fcrd\u00fcr\u00fclebilir bir ya\u015fam i\u00e7in do\u011fru tercihlerden biridirler.<\/p>\n<p style=\"text-align: justify;\"><strong>Ki\u015fiselle\u015ftirilmi\u015f Tasar\u0131m ve \u0130n\u015faat <\/strong><\/p>\n<p style=\"text-align: justify;\">Her m\u00fc\u015fterimizin ihtiya\u00e7lar\u0131 farkl\u0131d\u0131r, bu nedenle her konteyner evimiz ki\u015fiselle\u015ftirilebilir. Size \u00f6zel tasarlanm\u0131\u015f evlerimiz, ya\u015fam tarz\u0131n\u0131za ve ihtiya\u00e7lar\u0131n\u0131za uygun olarak in\u015fa edilir. Geni\u015f bir tasar\u0131m yelpazesine sahibiz ve hayallerinizi ger\u00e7e\u011fe d\u00f6n\u00fc\u015ft\u00fcrmek i\u00e7in buraday\u0131z.<\/p>\n<p style=\"text-align: justify;\"><strong>Deneyimli ve Profesyonel Ekip <\/strong><\/p>\n<p style=\"text-align: justify;\">Konteyner Ev \u00dcretimi, Montaj\u0131 ve Sat\u0131\u015f\u0131 olarak, deneyimli ve uzman bir ekibiz. Her a\u015famada size rehberlik etmek, sorular\u0131n\u0131za cevap vermek ve isteklerinizi kar\u015f\u0131lamak i\u00e7in buraday\u0131z. M\u00fc\u015fteri memnuniyeti bizim \u00f6nceli\u011fimizdir ve i\u015fimizi titizlikle yapar\u0131z.<\/p>\n<p style=\"text-align: justify;\"><strong>Siz Hayal Edin, Biz Ger\u00e7ekle\u015ftirelim <\/strong><\/p>\n<p style=\"text-align: justify;\">Modern ya\u015fam\u0131n gereksinimlerine uygun, pratik ve ekonomik bir ya\u015fam alan\u0131na sahip olmak art\u0131k \u00e7ok daha kolay. Bizimle ileti\u015fime ge\u00e7in, ihtiya\u00e7lar\u0131n\u0131z\u0131 ve hayallerinizi payla\u015f\u0131n. Uzman ekibimiz, size \u00f6zel bir proje plan\u0131 olu\u015fturmak i\u00e7in haz\u0131r.<\/p>\n<p>[\/vc_column_text]<div class=\"wpb_content_element ut-gallery-5  clearfix\"><style type=\"text\/css\">#ut_ig_6a01a1ef4cd03 .ut-lazy:not(.ut-image-loaded) + .ut-video-module-loading { display:block; }#ut_ig_6a01a1ef4cd03 .ut-lazy.ut-image-loaded + .ut-video-module-loading { display:none; }<\/style><div id=\"ut_ig_6a01a1ef4cd03\" class=\"ut-image-gallery ut-image-gallery-module  ut-image-gallery-5 clearfix\" data-settings=\"{&quot;animate&quot;:true,&quot;effect&quot;:&quot;&quot;,&quot;lazy&quot;:true,&quot;delay_animation&quot;:false,&quot;global_delay_animation&quot;:false,&quot;delay_timer&quot;:100,&quot;global_delay_timer&quot;:100}\" ><div  data-count=\"5\" class=\"ut-image-gallery-item ut-animation-done grid-25 tablet-grid-50 mobile-grid-100\"><a  class=\"ut-vc-images-lightbox ut-vc-images-lightbox-group-image\" data-sub-html=\"#ut-image-caption-5780\" data-exthumbimage=\"https:\/\/lotusbau.com\/wp-content\/uploads\/2024\/02\/beautiful-appearance-new-house-with-open-veranda-green-grass-bright-sunny-day-with-200x200.jpg\" href=\"https:\/\/lotusbau.com\/wp-content\/uploads\/2024\/02\/beautiful-appearance-new-house-with-open-veranda-green-grass-bright-sunny-day-with-1080x720.jpg\" ><div class=\"ut-image-gallery-image\" ><img  class=\" ut-lazy skip-lazy\" src=\"data:image\/svg+xml;charset=utf-8,%3Csvg xmlns%3D'http%3A%2F%2Fwww.w3.org%2F2000%2Fsvg' viewBox%3D'0 0 325 217'%2F%3E\" data-src=\"https:\/\/lotusbau.com\/wp-content\/uploads\/2024\/02\/beautiful-appearance-new-house-with-open-veranda-green-grass-bright-sunny-day-with-325x217.jpg\" width=\"325\" height=\"217\"><\/div><div id=\"ut-image-caption-5780\" class=\"ut-vc-images-lightbox-caption\">Beautiful appearance of a new house with an open veranda and green grass on a bright sunny day with a blue sky.<\/div><\/a><\/div><div  data-count=\"5\" class=\"ut-image-gallery-item ut-animation-done ut-animation-done grid-25 tablet-grid-50 mobile-grid-100\"><a  class=\"ut-vc-images-lightbox ut-vc-images-lightbox-group-image\"  data-exthumbimage=\"https:\/\/lotusbau.com\/wp-content\/uploads\/2024\/02\/rendering-shipping-container-called-container-house-200x200.jpg\" href=\"https:\/\/lotusbau.com\/wp-content\/uploads\/2024\/02\/rendering-shipping-container-called-container-house-1280x720.jpg\" ><div class=\"ut-image-gallery-image\" ><img  class=\" ut-lazy skip-lazy\" src=\"data:image\/svg+xml;charset=utf-8,%3Csvg xmlns%3D'http%3A%2F%2Fwww.w3.org%2F2000%2Fsvg' viewBox%3D'0 0 325 217'%2F%3E\" data-src=\"https:\/\/lotusbau.com\/wp-content\/uploads\/2024\/02\/rendering-shipping-container-called-container-house-325x217.jpg\" width=\"325\" height=\"217\"><\/div><\/a><\/div><div  data-count=\"5\" class=\"ut-image-gallery-item ut-animation-done ut-animation-done ut-animation-done grid-25 tablet-grid-50 mobile-grid-100 ut-tablet-last\"><a  class=\"ut-vc-images-lightbox ut-vc-images-lightbox-group-image\"  data-exthumbimage=\"https:\/\/lotusbau.com\/wp-content\/uploads\/2024\/02\/3d-rendering-container-shop-design-200x200.jpg\" href=\"https:\/\/lotusbau.com\/wp-content\/uploads\/2024\/02\/3d-rendering-container-shop-design-1280x720.jpg\" ><div class=\"ut-image-gallery-image\" ><img  class=\" ut-lazy skip-lazy\" src=\"data:image\/svg+xml;charset=utf-8,%3Csvg xmlns%3D'http%3A%2F%2Fwww.w3.org%2F2000%2Fsvg' viewBox%3D'0 0 325 217'%2F%3E\" data-src=\"https:\/\/lotusbau.com\/wp-content\/uploads\/2024\/02\/3d-rendering-container-shop-design-325x217.jpg\" width=\"325\" height=\"217\"><\/div><\/a><\/div><div class=\"clear hide-on-desktop hide-on-tablet\"><\/div><div  data-count=\"1\" class=\"ut-image-gallery-item ut-animation-done ut-animation-done ut-animation-done ut-animation-done grid-25 tablet-grid-50 mobile-grid-100 ut-desktop-last\"><a  class=\"ut-vc-images-lightbox ut-vc-images-lightbox-group-image\" data-sub-html=\"#ut-image-caption-5785\" data-exthumbimage=\"https:\/\/lotusbau.com\/wp-content\/uploads\/2024\/02\/cafe-restaurant-shipping-container-realistic-generative-ai-with-mountain-backdrop-1-200x200.jpg\" href=\"https:\/\/lotusbau.com\/wp-content\/uploads\/2024\/02\/cafe-restaurant-shipping-container-realistic-generative-ai-with-mountain-backdrop-1-1260x720.jpg\" ><div class=\"ut-image-gallery-image\" ><img  class=\" ut-lazy skip-lazy\" src=\"data:image\/svg+xml;charset=utf-8,%3Csvg xmlns%3D'http%3A%2F%2Fwww.w3.org%2F2000%2Fsvg' viewBox%3D'0 0 325 217'%2F%3E\" data-src=\"https:\/\/lotusbau.com\/wp-content\/uploads\/2024\/02\/cafe-restaurant-shipping-container-realistic-generative-ai-with-mountain-backdrop-1-325x217.jpg\" width=\"325\" height=\"217\"><\/div><div id=\"ut-image-caption-5785\" class=\"ut-vc-images-lightbox-caption\">Cafe and restaurant in a shipping container. Realistic. , Generative AI with a mountain backdrop<\/div><\/a><\/div><div class=\"clear hide-on-tablet\"><\/div><div  data-count=\"1\" class=\"ut-image-gallery-item ut-animation-done ut-animation-done ut-animation-done ut-animation-done ut-animation-done grid-100 tablet-grid-100 mobile-grid-100\"><a  class=\"ut-vc-images-lightbox ut-vc-images-lightbox-group-image\" data-sub-html=\"#ut-image-caption-5786\" data-exthumbimage=\"https:\/\/lotusbau.com\/wp-content\/uploads\/2024\/02\/grid-shipping-container-home-generative-ai-200x200.jpg\" href=\"https:\/\/lotusbau.com\/wp-content\/uploads\/2024\/02\/grid-shipping-container-home-generative-ai-1080x720.jpg\" ><div class=\"ut-image-gallery-image\" ><img  class=\" ut-lazy skip-lazy\" src=\"data:image\/svg+xml;charset=utf-8,%3Csvg xmlns%3D'http%3A%2F%2Fwww.w3.org%2F2000%2Fsvg' viewBox%3D'0 0 325 217'%2F%3E\" data-src=\"https:\/\/lotusbau.com\/wp-content\/uploads\/2024\/02\/grid-shipping-container-home-generative-ai-325x217.jpg\" width=\"325\" height=\"217\"><\/div><div id=\"ut-image-caption-5786\" class=\"ut-vc-images-lightbox-caption\">Grid Shipping Container Home, Generative AI<\/div><\/a><\/div><div class=\"ut-image-gallery-sizer\"><\/div><div class=\"clear\"><\/div><\/div><\/div>[\/vc_column][\/vc_row]<\/p>\n","protected":false},"excerpt":{"rendered":"<p>[vc_row][vc_column][\/vc_column][\/vc_row][vc_row][vc_column][vc_column_text] Yenilik\u00e7i Ya\u015fam Alanlar\u0131: Konteyner Evler Modern ya\u015fam\u0131n ihtiya\u00e7lar\u0131na uygun, pratik ve \u015f\u0131k \u00e7\u00f6z\u00fcmler arayanlar i\u00e7in konteyner evler ideal bir se\u00e7enektir. Konteyner Ev \u00dcretimi, Montaj\u0131 ve Sat\u0131\u015f\u0131 olarak, sizlere \u00f6zg\u00fcn ve konforlu ya\u015fam alanlar\u0131 sunuyoruz. Estetik ve Fonksiyonellik Bir Arada Konteyner evlerimiz, estetik tasar\u0131mlar\u0131yla g\u00f6z doldururken, ayn\u0131 zamanda fonksiyonellikleriyle de dikkat \u00e7eker. Her bir konteyner [&hellip;]<\/p>\n","protected":false},"author":1,"featured_media":0,"parent":0,"menu_order":0,"comment_status":"closed","ping_status":"closed","template":"","meta":[],"_links":{"self":[{"href":"https:\/\/lotusbau.com\/index.php\/wp-json\/wp\/v2\/pages\/5745"}],"collection":[{"href":"https:\/\/lotusbau.com\/index.php\/wp-json\/wp\/v2\/pages"}],"about":[{"href":"https:\/\/lotusbau.com\/index.php\/wp-json\/wp\/v2\/types\/page"}],"author":[{"embeddable":true,"href":"https:\/\/lotusbau.com\/index.php\/wp-json\/wp\/v2\/users\/1"}],"replies":[{"embeddable":true,"href":"https:\/\/lotusbau.com\/index.php\/wp-json\/wp\/v2\/comments?post=5745"}],"version-history":[{"count":4,"href":"https:\/\/lotusbau.com\/index.php\/wp-json\/wp\/v2\/pages\/5745\/revisions"}],"predecessor-version":[{"id":5865,"href":"https:\/\/lotusbau.com\/index.php\/wp-json\/wp\/v2\/pages\/5745\/revisions\/5865"}],"wp:attachment":[{"href":"https:\/\/lotusbau.com\/index.php\/wp-json\/wp\/v2\/media?parent=5745"}],"curies":[{"name":"wp","href":"https:\/\/api.w.org\/{rel}","templated":true}]}}